{"id":322,"date":"2024-10-12T13:25:34","date_gmt":"2024-10-12T16:25:34","guid":{"rendered":"https:\/\/transanarquismo.noblogs.org\/?page_id=322"},"modified":"2025-10-20T20:36:37","modified_gmt":"2025-10-20T23:36:37","slug":"para-enviar-materiales","status":"publish","type":"page","link":"https:\/\/transanarquismo.noblogs.org\/es\/para-enviar-materiales\/","title":{"rendered":"para enviar materiales"},"content":{"rendered":"<pre>instrucciones para enviar materiales a la <em>revista trans-libertaria<\/em><\/pre>\n<p>aceptamos poemas, trabajos art\u00edsticos, manifiestos, rese\u00f1as, entrevistas, traducciones, textos libres y cualquier otro material adecuado para una revista electr\u00f3nica.<\/p>\n<p>tambi\u00e9n aceptamos art\u00edculos acad\u00e9micos, pero pedimos que se revisen cuidadosamente en cuanto a accesibilidad y cohesi\u00f3n. si recibimos materiales de dif\u00edcil comprensi\u00f3n, pediremos a la autor\u00eda que los revise.<\/p>\n<p>los materiales deben respetar la propuesta de la revista: anarquista, antirracista, anticolonial\/contracolonial, anticapitalista, antifascista. los materiales que promuevan cualquier forma de discriminaci\u00f3n ser\u00e1n rechazados con justificaci\u00f3n. la identificaci\u00f3n de los materiales queda a criterio de las autor\u00edas.<\/p>\n<ul>\n<li>pedimos que los materiales escritos sigan un modelo: fuente Calibri, tama\u00f1o 12; interlineado 1,5 cm; margen 2,5 cm x 2,5 cm. si hay alguna dificultad con el formato, env\u00edenos el material e intentaremos ayudarle.<\/li>\n<li>las im\u00e1genes deben enviarse en formato JPG o PNG y los textos deben enviarse en .doc, .docx, .odt o .rtf (Word o LibreOffice) al correo electr\u00f3nico transanark@anche.no.<\/li>\n<\/ul>\n<p>recibimos env\u00edos <em>continuamente<\/em>.<\/p>\n<p>al enviar materiales a nuestra revista, las autor\u00edas aceptan que su publicaci\u00f3n pueda ser impresa y distribuida de forma independiente en el futuro, siempre sin fines de lucro y con el objetivo de difundir los ideales libertarios.<\/p>\n","protected":false},"excerpt":{"rendered":"<p>instrucciones para enviar materiales a la revista trans-libertaria aceptamos poemas, trabajos art\u00edsticos, manifiestos, rese\u00f1as, entrevistas, traducciones, textos libres y cualquier otro material adecuado para una revista electr\u00f3nica. tambi\u00e9n aceptamos art\u00edculos acad\u00e9micos, pero pedimos que se revisen cuidadosamente en cuanto a accesibilidad y cohesi\u00f3n. si recibimos materiales de dif\u00edcil comprensi\u00f3n, pediremos a la autor\u00eda que los &hellip; <a href=\"https:\/\/transanarquismo.noblogs.org\/es\/para-enviar-materiales\/\" class=\"more-link\">Sigue leyendo <span class=\"screen-reader-text\">para enviar materiales<\/span><\/a><\/p>\n","protected":false},"author":19957,"featured_media":0,"parent":0,"menu_order":0,"comment_status":"closed","ping_status":"closed","template":"","meta":{"_locale":"es_ES","_original_post":"https:\/\/transanarquismo.noblogs.org\/?page_id=304","footnotes":""},"class_list":["post-322","page","type-page","status-publish","hentry","es-ES"],"_links":{"self":[{"href":"https:\/\/transanarquismo.noblogs.org\/wp-json\/wp\/v2\/pages\/322","targetHints":{"allow":["GET"]}}],"collection":[{"href":"https:\/\/transanarquismo.noblogs.org\/wp-json\/wp\/v2\/pages"}],"about":[{"href":"https:\/\/transanarquismo.noblogs.org\/wp-json\/wp\/v2\/types\/page"}],"author":[{"embeddable":true,"href":"https:\/\/transanarquismo.noblogs.org\/wp-json\/wp\/v2\/users\/19957"}],"replies":[{"embeddable":true,"href":"https:\/\/transanarquismo.noblogs.org\/wp-json\/wp\/v2\/comments?post=322"}],"version-history":[{"count":6,"href":"https:\/\/transanarquismo.noblogs.org\/wp-json\/wp\/v2\/pages\/322\/revisions"}],"predecessor-version":[{"id":863,"href":"https:\/\/transanarquismo.noblogs.org\/wp-json\/wp\/v2\/pages\/322\/revisions\/863"}],"wp:attachment":[{"href":"https:\/\/transanarquismo.noblogs.org\/wp-json\/wp\/v2\/media?parent=322"}],"curies":[{"name":"wp","href":"https:\/\/api.w.org\/{rel}","templated":true}]}}