{"id":233,"date":"2024-07-07T22:20:44","date_gmt":"2024-07-08T01:20:44","guid":{"rendered":"https:\/\/transanarquismo.noblogs.org\/?page_id=233"},"modified":"2025-01-06T01:59:02","modified_gmt":"2025-01-06T04:59:02","slug":"sobre","status":"publish","type":"page","link":"https:\/\/transanarquismo.noblogs.org\/","title":{"rendered":"\u2193"},"content":{"rendered":"<h4 style=\"text-align: center\">acervo digital trans-anarquista.<br \/>\ndifusi\u00f3n de pensamiento trans radical.<br \/>\ntodos los materiales pueden y deben ser ampliamente distribuidos, reproducidos, traducidos y compartidos.<\/h4>\n<p style=\"padding-left: 80px\">traducimos textos del espa\u00f1ol al portugu\u00e9s. si tiene un texto que corresponda a la tem\u00e1tica del acervo digital trans-anarquista, env\u00edelo a <em>transanark@anche.no<\/em><\/p>\n<p>podemos entender las <strong>perspectivas trans-anarquistas<\/strong> como un conjunto de movimientos libertarios, trans, queer y transfeministas que se oponen a las normas institucionales de la modernidad y que se mueven transversalmente en relaci\u00f3n a las diferentes formas de violencia que atraviesan a los diferentes grupos. si la modernidad capitalista est\u00e1 estructurada sobre la base del racismo, nos posicionamos como inherentemente anticapitalistas y antirracistas. pensamos los <strong>trans-anarquismos<\/strong> en el sentido de confrontaciones, de posiciones cr\u00edticas tanto con el autoritarismo gubernamental como con el autoritarismo cient\u00edfico.<\/p>\n<p>entendemos los <strong>trans-anarquismos<\/strong> como deseos persistentes de transgresi\u00f3n contra todas las formas de subalternizaci\u00f3n. por eso hacemos hincapi\u00e9 en la imposici\u00f3n de g\u00e9neros, la cisheteronormatividad, la captura del capitalismo, la opresi\u00f3n racial y patriarcal. no estamos de acuerdo con ninguna forma de subalternizaci\u00f3n. lejos de recurrir a esencialismos, o de afirmar que ser trans es ser anarquista, entendemos, como escribi\u00f3 Audre Lorde, que \u00ablas herramientas del amo nunca desmantelar\u00e1n la casa grande\u00bb. la emancipaci\u00f3n de los cuerpos subalternizados no es una concesi\u00f3n de las instituciones que nos subalternizan.<\/p>\n<p>frente a las posturas asimilacionistas de los movimientos trans y lgbtiap+ en general, que han convertido las luchas trans en propaganda capitalista, nos hemos organizado para crear una colecci\u00f3n de textos &#8211; panfletos, ensayos, art\u00edculos, relatos, poemas, fanzines &#8211; sobre trans-anarquismo, anarquismo queer, transfeminismo libertario, anarcofeminismo. nos negamos a ser capturados por la l\u00f3gica neoliberal, capitalista, racista y estatal de convertir nuestras luchas en productos o en una competici\u00f3n por la visibilidad. es en un tono de insatisfacci\u00f3n que hemos organizado este espacio, para contribuir a la circulaci\u00f3n de materiales que reflejen aquello en lo que creemos: la imposibilidad pr\u00e1ctica de defender las vidas trans, ind\u00edgenas, negras, desobedientes al g\u00e9nero, PCD y contranormativas a trav\u00e9s de los canales estatales, institucionales, partidarios, capitalistas y nacionalistas.<\/p>\n<p><strong>que podemos pensar en otras formas de vida donde la nuestra sea posible.<\/strong><\/p>\n<ul>\n<li>para ver la colecci\u00f3n en construcci\u00f3n, vaya aqu\u00ed:: <a href=\"https:\/\/transanarquismo.noblogs.org\/acervo\/\">acervo digital trans-anarquista<\/a><\/li>\n<li>para consultar las notas, vaya a: <a href=\"https:\/\/transanarquismo.noblogs.org\/notas-comunicados\/\">notas e comunicados<\/a><\/li>\n<\/ul>\n","protected":false},"excerpt":{"rendered":"<p>acervo digital trans-anarquista. difusi\u00f3n de pensamiento trans radical. todos los materiales pueden y deben ser ampliamente distribuidos, reproducidos, traducidos y compartidos. traducimos textos del espa\u00f1ol al portugu\u00e9s. si tiene un texto que corresponda a la tem\u00e1tica del acervo digital trans-anarquista, env\u00edelo a transanark@anche.no podemos entender las perspectivas trans-anarquistas como un conjunto de movimientos libertarios, trans, &hellip; <a href=\"https:\/\/transanarquismo.noblogs.org\/\" class=\"more-link\">Sigue leyendo <span class=\"screen-reader-text\">\u2193<\/span><\/a><\/p>\n","protected":false},"author":19957,"featured_media":0,"parent":35,"menu_order":0,"comment_status":"closed","ping_status":"closed","template":"","meta":{"_locale":"es_ES","_original_post":"https:\/\/transanarquismo.noblogs.org\/?page_id=35","footnotes":""},"class_list":["post-233","page","type-page","status-publish","hentry","es-ES"],"_links":{"self":[{"href":"https:\/\/transanarquismo.noblogs.org\/wp-json\/wp\/v2\/pages\/233","targetHints":{"allow":["GET"]}}],"collection":[{"href":"https:\/\/transanarquismo.noblogs.org\/wp-json\/wp\/v2\/pages"}],"about":[{"href":"https:\/\/transanarquismo.noblogs.org\/wp-json\/wp\/v2\/types\/page"}],"author":[{"embeddable":true,"href":"https:\/\/transanarquismo.noblogs.org\/wp-json\/wp\/v2\/users\/19957"}],"replies":[{"embeddable":true,"href":"https:\/\/transanarquismo.noblogs.org\/wp-json\/wp\/v2\/comments?post=233"}],"version-history":[{"count":6,"href":"https:\/\/transanarquismo.noblogs.org\/wp-json\/wp\/v2\/pages\/233\/revisions"}],"predecessor-version":[{"id":511,"href":"https:\/\/transanarquismo.noblogs.org\/wp-json\/wp\/v2\/pages\/233\/revisions\/511"}],"up":[{"embeddable":true,"href":"https:\/\/transanarquismo.noblogs.org\/wp-json\/wp\/v2\/pages\/35"}],"wp:attachment":[{"href":"https:\/\/transanarquismo.noblogs.org\/wp-json\/wp\/v2\/media?parent=233"}],"curies":[{"name":"wp","href":"https:\/\/api.w.org\/{rel}","templated":true}]}}